{"id":7192,"date":"2022-06-27T16:10:52","date_gmt":"2022-06-27T16:10:52","guid":{"rendered":"https:\/\/www.sigis.info\/linee-guida\/"},"modified":"2022-07-21T14:44:03","modified_gmt":"2022-07-21T14:44:03","slug":"linee-guida","status":"publish","type":"page","link":"https:\/\/www.sigis.info\/en\/linee-guida\/","title":{"rendered":"Guidelines"},"content":{"rendered":"\t\t<div data-elementor-type=\"wp-page\" data-elementor-id=\"7192\" class=\"elementor elementor-7192 elementor-5922\">\n\t\t\t\t\t\t<section class=\"elementor-section elementor-top-section elementor-element elementor-element-a8013c1 elementor-section-full_width elementor-section-height-default elementor-section-height-default\" data-id=\"a8013c1\" data-element_type=\"section\" data-e-type=\"section\">\n\t\t\t\t\t\t<div class=\"elementor-container elementor-column-gap-default\">\n\t\t\t\t\t<div class=\"elementor-column elementor-col-33 elementor-top-column elementor-element elementor-element-83e754c\" data-id=\"83e754c\" data-element_type=\"column\" data-e-type=\"column\">\n\t\t\t<div class=\"elementor-widget-wrap elementor-element-populated\">\n\t\t\t\t\t\t<div class=\"elementor-element elementor-element-90c6ae6 elementor-widget elementor-widget-image\" data-id=\"90c6ae6\" data-element_type=\"widget\" data-e-type=\"widget\" data-widget_type=\"image.default\">\n\t\t\t\t<div class=\"elementor-widget-container\">\n\t\t\t\t\t\t\t\t\t\t\t\t\t\t\t<img fetchpriority=\"high\" decoding=\"async\" width=\"507\" height=\"720\" src=\"https:\/\/www.sigis.info\/wp-content\/uploads\/2022\/07\/SOC-V7_Italian.png\" class=\"attachment-medium_large size-medium_large wp-image-6183\" alt=\"\" srcset=\"https:\/\/www.sigis.info\/wp-content\/uploads\/2022\/07\/SOC-V7_Italian.png 507w, https:\/\/www.sigis.info\/wp-content\/uploads\/2022\/07\/SOC-V7_Italian-211x300.png 211w\" sizes=\"(max-width: 507px) 100vw, 507px\" \/>\t\t\t\t\t\t\t\t\t\t\t\t\t\t\t<\/div>\n\t\t\t\t<\/div>\n\t\t\t\t\t<\/div>\n\t\t<\/div>\n\t\t\t\t<div class=\"elementor-column elementor-col-66 elementor-top-column elementor-element elementor-element-292a7d8\" data-id=\"292a7d8\" data-element_type=\"column\" data-e-type=\"column\">\n\t\t\t<div class=\"elementor-widget-wrap elementor-element-populated\">\n\t\t\t\t\t\t<div class=\"elementor-element elementor-element-8ec2946 elementor-invisible elementor-widget elementor-widget-rt-title\" data-id=\"8ec2946\" data-element_type=\"widget\" data-e-type=\"widget\" data-settings=\"{&quot;_animation&quot;:&quot;fadeInDown&quot;}\" data-widget_type=\"rt-title.default\">\n\t\t\t\t<div class=\"elementor-widget-container\">\n\t\t\t\t\t\r\n<div class=\"section-heading heading-dark text-left heading-layout1\">\r\n    <h2 class=\"rtin-title\">World Professional Association for Transgender Health (WPATH) Standards of Care (SOC) per la Salute di Persone Transessuali, Transgender e di genere Non-Conforme<\/h2>\r\n    \t\t<p class=\"rtin-subtitle\">\n<\/p> \r\n     <\/div>\t\t\t\t<\/div>\n\t\t\t\t<\/div>\n\t\t\t\t<div class=\"elementor-element elementor-element-581eabe elementor-widget elementor-widget-text-editor\" data-id=\"581eabe\" data-element_type=\"widget\" data-e-type=\"widget\" data-widget_type=\"text-editor.default\">\n\t\t\t\t<div class=\"elementor-widget-container\">\n\t\t\t\t\t\t\t\t\t<p>WPATH The standard of care 7TH version; 2011 Set 14<\/p>\t\t\t\t\t\t\t\t<\/div>\n\t\t\t\t<\/div>\n\t\t\t\t<div class=\"elementor-element elementor-element-74d7be4 elementor-align-left elementor-widget elementor-widget-button\" data-id=\"74d7be4\" data-element_type=\"widget\" data-e-type=\"widget\" data-widget_type=\"button.default\">\n\t\t\t\t<div class=\"elementor-widget-container\">\n\t\t\t\t\t\t\t\t\t<div class=\"elementor-button-wrapper\">\n\t\t\t\t\t<a class=\"elementor-button elementor-button-link elementor-size-md\" href=\"https:\/\/www.sigis.info\/chi-siamo\/aderire-alla-sigis\">\n\t\t\t\t\t\t<span class=\"elementor-button-content-wrapper\">\n\t\t\t\t\t\t\t\t\t<span class=\"elementor-button-text\">Clicca qui per scaricare il PDF<\/span>\n\t\t\t\t\t<\/span>\n\t\t\t\t\t<\/a>\n\t\t\t\t<\/div>\n\t\t\t\t\t\t\t\t<\/div>\n\t\t\t\t<\/div>\n\t\t\t\t\t<\/div>\n\t\t<\/div>\n\t\t\t\t\t<\/div>\n\t\t<\/section>\n\t\t\t\t<section class=\"elementor-section elementor-top-section elementor-element elementor-element-a5daff2 elementor-section-full_width elementor-section-height-default elementor-section-height-default\" data-id=\"a5daff2\" data-element_type=\"section\" data-e-type=\"section\">\n\t\t\t\t\t\t<div class=\"elementor-container elementor-column-gap-default\">\n\t\t\t\t\t<div class=\"elementor-column elementor-col-33 elementor-top-column elementor-element elementor-element-1fe22d4\" data-id=\"1fe22d4\" data-element_type=\"column\" data-e-type=\"column\">\n\t\t\t<div class=\"elementor-widget-wrap elementor-element-populated\">\n\t\t\t\t\t\t<div class=\"elementor-element elementor-element-27ec57a elementor-widget elementor-widget-image\" data-id=\"27ec57a\" data-element_type=\"widget\" data-e-type=\"widget\" data-widget_type=\"image.default\">\n\t\t\t\t<div class=\"elementor-widget-container\">\n\t\t\t\t\t\t\t\t\t\t\t\t\t\t\t<img decoding=\"async\" width=\"528\" height=\"713\" src=\"https:\/\/www.sigis.info\/wp-content\/uploads\/2022\/07\/endocrine.png\" class=\"attachment-medium_large size-medium_large wp-image-6186\" alt=\"\" srcset=\"https:\/\/www.sigis.info\/wp-content\/uploads\/2022\/07\/endocrine.png 528w, https:\/\/www.sigis.info\/wp-content\/uploads\/2022\/07\/endocrine-222x300.png 222w\" sizes=\"(max-width: 528px) 100vw, 528px\" \/>\t\t\t\t\t\t\t\t\t\t\t\t\t\t\t<\/div>\n\t\t\t\t<\/div>\n\t\t\t\t\t<\/div>\n\t\t<\/div>\n\t\t\t\t<div class=\"elementor-column elementor-col-66 elementor-top-column elementor-element elementor-element-5bd52ff\" data-id=\"5bd52ff\" data-element_type=\"column\" data-e-type=\"column\">\n\t\t\t<div class=\"elementor-widget-wrap elementor-element-populated\">\n\t\t\t\t\t\t<div class=\"elementor-element elementor-element-6f70db3 elementor-invisible elementor-widget elementor-widget-rt-title\" data-id=\"6f70db3\" data-element_type=\"widget\" data-e-type=\"widget\" data-settings=\"{&quot;_animation&quot;:&quot;fadeInDown&quot;}\" data-widget_type=\"rt-title.default\">\n\t\t\t\t<div class=\"elementor-widget-container\">\n\t\t\t\t\t\r\n<div class=\"section-heading heading-dark text-left heading-layout1\">\r\n    <h2 class=\"rtin-title\">Endocrine Treatment of Gender-Dysphoric\/Gender-Incongruent Persons: An Endocrine Society Clinical Practice Guideline.<\/h2>\r\n    \t\t<p class=\"rtin-subtitle\">\n<\/p> \r\n     <\/div>\t\t\t\t<\/div>\n\t\t\t\t<\/div>\n\t\t\t\t<div class=\"elementor-element elementor-element-f7ed634 elementor-widget elementor-widget-text-editor\" data-id=\"f7ed634\" data-element_type=\"widget\" data-e-type=\"widget\" data-widget_type=\"text-editor.default\">\n\t\t\t\t<div class=\"elementor-widget-container\">\n\t\t\t\t\t\t\t\t\t<p>Hembree WC, Cohen-Kettenis PT, Gooren L, Hannema SE, Meyer WJ, Murad MH, Rosenthal SM, Safer JD, Tangpricha V, T&#8217;Sjoen GG.<br \/>J Clin Endocrinol Metab. 2017 Nov 1;102(11):3869-3903<\/p>\t\t\t\t\t\t\t\t<\/div>\n\t\t\t\t<\/div>\n\t\t\t\t<div class=\"elementor-element elementor-element-786e3c4 elementor-align-left elementor-widget elementor-widget-button\" data-id=\"786e3c4\" data-element_type=\"widget\" data-e-type=\"widget\" data-widget_type=\"button.default\">\n\t\t\t\t<div class=\"elementor-widget-container\">\n\t\t\t\t\t\t\t\t\t<div class=\"elementor-button-wrapper\">\n\t\t\t\t\t<a class=\"elementor-button elementor-button-link elementor-size-md\" href=\"https:\/\/www.google.com\/url?q=https%3A%2F%2Fpubmed.ncbi.nlm.nih.gov%2F28945902%2F&#038;sa=D&#038;sntz=1&#038;usg=AOvVaw0W-eSG_Oso42EVt5-f191z\">\n\t\t\t\t\t\t<span class=\"elementor-button-content-wrapper\">\n\t\t\t\t\t\t\t\t\t<span class=\"elementor-button-text\">Clicca qui per leggere l'articolo<\/span>\n\t\t\t\t\t<\/span>\n\t\t\t\t\t<\/a>\n\t\t\t\t<\/div>\n\t\t\t\t\t\t\t\t<\/div>\n\t\t\t\t<\/div>\n\t\t\t\t\t<\/div>\n\t\t<\/div>\n\t\t\t\t\t<\/div>\n\t\t<\/section>\n\t\t\t\t<section class=\"elementor-section elementor-top-section elementor-element elementor-element-8f7d40a elementor-section-full_width elementor-section-height-default elementor-section-height-default\" data-id=\"8f7d40a\" data-element_type=\"section\" data-e-type=\"section\">\n\t\t\t\t\t\t<div class=\"elementor-container elementor-column-gap-default\">\n\t\t\t\t\t<div class=\"elementor-column elementor-col-33 elementor-top-column elementor-element elementor-element-0f54fc1\" data-id=\"0f54fc1\" data-element_type=\"column\" data-e-type=\"column\">\n\t\t\t<div class=\"elementor-widget-wrap elementor-element-populated\">\n\t\t\t\t\t\t<div class=\"elementor-element elementor-element-51fbdb5 elementor-widget elementor-widget-image\" data-id=\"51fbdb5\" data-element_type=\"widget\" data-e-type=\"widget\" data-widget_type=\"image.default\">\n\t\t\t\t<div class=\"elementor-widget-container\">\n\t\t\t\t\t\t\t\t\t\t\t\t\t\t\t<img decoding=\"async\" width=\"568\" height=\"716\" src=\"https:\/\/www.sigis.info\/wp-content\/uploads\/2022\/07\/apa-resolution.png\" class=\"attachment-medium_large size-medium_large wp-image-6188\" alt=\"\" srcset=\"https:\/\/www.sigis.info\/wp-content\/uploads\/2022\/07\/apa-resolution.png 568w, https:\/\/www.sigis.info\/wp-content\/uploads\/2022\/07\/apa-resolution-238x300.png 238w\" sizes=\"(max-width: 568px) 100vw, 568px\" \/>\t\t\t\t\t\t\t\t\t\t\t\t\t\t\t<\/div>\n\t\t\t\t<\/div>\n\t\t\t\t\t<\/div>\n\t\t<\/div>\n\t\t\t\t<div class=\"elementor-column elementor-col-66 elementor-top-column elementor-element elementor-element-b2538f4\" data-id=\"b2538f4\" data-element_type=\"column\" data-e-type=\"column\">\n\t\t\t<div class=\"elementor-widget-wrap elementor-element-populated\">\n\t\t\t\t\t\t<div class=\"elementor-element elementor-element-3083014 elementor-invisible elementor-widget elementor-widget-rt-title\" data-id=\"3083014\" data-element_type=\"widget\" data-e-type=\"widget\" data-settings=\"{&quot;_animation&quot;:&quot;fadeInDown&quot;}\" data-widget_type=\"rt-title.default\">\n\t\t\t\t<div class=\"elementor-widget-container\">\n\t\t\t\t\t\r\n<div class=\"section-heading heading-dark text-left heading-layout1\">\r\n    <h2 class=\"rtin-title\">Linee guida APA sui Tentativi di Conversione o Modifice dell'Identit\u00e0 di Genere<\/h2>\r\n    \t\t<p class=\"rtin-subtitle\">\n<\/p> \r\n     <\/div>\t\t\t\t<\/div>\n\t\t\t\t<\/div>\n\t\t\t\t<div class=\"elementor-element elementor-element-a2df2c4 elementor-widget elementor-widget-text-editor\" data-id=\"a2df2c4\" data-element_type=\"widget\" data-e-type=\"widget\" data-widget_type=\"text-editor.default\">\n\t\t\t\t<div class=\"elementor-widget-container\">\n\t\t\t\t\t\t\t\t\t<p>Scheda a cura delle Dott.sse Bianca Di Giannantonio e Serena Degli Angeli &#8211; Unit\u00e0 di Ricerca sullo Sviluppo dell\u2019Identit\u00e0 di Genere (URSIG), Dipartimento di Psicologia Dinamica, Clinica e Salute, Facolt\u00e0 di Medicina e Psicologia, Sapienza Universit\u00e0 di Roma &#8211; coordinatori Proff. Vittorio Lingiardi e Anna Maria Speranza).<br \/>APA RESOLUTION on Gender Identity Change Efforts; 2021 Feb<\/p>\t\t\t\t\t\t\t\t<\/div>\n\t\t\t\t<\/div>\n\t\t\t\t<div class=\"elementor-element elementor-element-8a992f4 elementor-align-left elementor-widget elementor-widget-button\" data-id=\"8a992f4\" data-element_type=\"widget\" data-e-type=\"widget\" data-widget_type=\"button.default\">\n\t\t\t\t<div class=\"elementor-widget-container\">\n\t\t\t\t\t\t\t\t\t<div class=\"elementor-button-wrapper\">\n\t\t\t\t\t<a class=\"elementor-button elementor-button-link elementor-size-md\" href=\"https:\/\/www.apa.org\/about\/policy\/resolution-gender-identity-change-efforts.pdf\">\n\t\t\t\t\t\t<span class=\"elementor-button-content-wrapper\">\n\t\t\t\t\t\t\t\t\t<span class=\"elementor-button-text\">Clicca qui per scaricare il PDF<\/span>\n\t\t\t\t\t<\/span>\n\t\t\t\t\t<\/a>\n\t\t\t\t<\/div>\n\t\t\t\t\t\t\t\t<\/div>\n\t\t\t\t<\/div>\n\t\t\t\t\t<\/div>\n\t\t<\/div>\n\t\t\t\t\t<\/div>\n\t\t<\/section>\n\t\t\t\t<\/div>\n\t\t","protected":false},"excerpt":{"rendered":"<p>World Professional Association for Transgender Health (WPATH) Standards of Care (SOC) per la Salute di Persone Transessuali, Transgender e di genere Non-Conforme WPATH The standard of care 7TH version; 2011 Set 14 Clicca qui per scaricare il PDF Endocrine Treatment of Gender-Dysphoric\/Gender-Incongruent Persons: An Endocrine Society Clinical Practice Guideline. Hembree WC, Cohen-Kettenis PT, Gooren L,&#8230;<\/p>\n","protected":false},"author":1,"featured_media":0,"parent":0,"menu_order":0,"comment_status":"closed","ping_status":"closed","template":"","meta":{"footnotes":""},"class_list":["post-7192","page","type-page","status-publish","hentry"],"yoast_head":"<!-- This site is optimized with the Yoast SEO plugin v26.9 - https:\/\/yoast.com\/product\/yoast-seo-wordpress\/ -->\n<title>Guidelines - SIGIS<\/title>\n<meta name=\"robots\" content=\"index, follow, max-snippet:-1, max-image-preview:large, max-video-preview:-1\" \/>\n<link rel=\"canonical\" href=\"https:\/\/www.sigis.info\/en\/linee-guida\/\" \/>\n<meta property=\"og:locale\" content=\"en_US\" \/>\n<meta property=\"og:type\" content=\"article\" \/>\n<meta property=\"og:title\" content=\"Guidelines - SIGIS\" \/>\n<meta property=\"og:description\" content=\"World Professional Association for Transgender Health (WPATH) Standards of Care (SOC) per la Salute di Persone Transessuali, Transgender e di genere Non-Conforme WPATH The standard of care 7TH version; 2011 Set 14 Clicca qui per scaricare il PDF Endocrine Treatment of Gender-Dysphoric\/Gender-Incongruent Persons: An Endocrine Society Clinical Practice Guideline. Hembree WC, Cohen-Kettenis PT, Gooren L,...\" \/>\n<meta property=\"og:url\" content=\"https:\/\/www.sigis.info\/en\/linee-guida\/\" \/>\n<meta property=\"og:site_name\" content=\"SIGIS\" \/>\n<meta property=\"article:publisher\" content=\"https:\/\/www.facebook.com\/SIGISinfo\/\" \/>\n<meta property=\"article:modified_time\" content=\"2022-07-21T14:44:03+00:00\" \/>\n<meta property=\"og:image\" content=\"https:\/\/www.sigis.info\/wp-content\/uploads\/2022\/07\/SOC-V7_Italian.png\" \/>\n<meta name=\"twitter:card\" content=\"summary_large_image\" \/>\n<script type=\"application\/ld+json\" class=\"yoast-schema-graph\">{\"@context\":\"https:\/\/schema.org\",\"@graph\":[{\"@type\":\"WebPage\",\"@id\":\"https:\/\/www.sigis.info\/en\/linee-guida\/\",\"url\":\"https:\/\/www.sigis.info\/en\/linee-guida\/\",\"name\":\"Guidelines - SIGIS\",\"isPartOf\":{\"@id\":\"https:\/\/www.sigis.info\/#website\"},\"primaryImageOfPage\":{\"@id\":\"https:\/\/www.sigis.info\/en\/linee-guida\/#primaryimage\"},\"image\":{\"@id\":\"https:\/\/www.sigis.info\/en\/linee-guida\/#primaryimage\"},\"thumbnailUrl\":\"https:\/\/www.sigis.info\/wp-content\/uploads\/2022\/07\/SOC-V7_Italian.png\",\"datePublished\":\"2022-06-27T16:10:52+00:00\",\"dateModified\":\"2022-07-21T14:44:03+00:00\",\"breadcrumb\":{\"@id\":\"https:\/\/www.sigis.info\/en\/linee-guida\/#breadcrumb\"},\"inLanguage\":\"en-US\",\"potentialAction\":[{\"@type\":\"ReadAction\",\"target\":[\"https:\/\/www.sigis.info\/en\/linee-guida\/\"]}]},{\"@type\":\"ImageObject\",\"inLanguage\":\"en-US\",\"@id\":\"https:\/\/www.sigis.info\/en\/linee-guida\/#primaryimage\",\"url\":\"https:\/\/www.sigis.info\/wp-content\/uploads\/2022\/07\/SOC-V7_Italian.png\",\"contentUrl\":\"https:\/\/www.sigis.info\/wp-content\/uploads\/2022\/07\/SOC-V7_Italian.png\"},{\"@type\":\"BreadcrumbList\",\"@id\":\"https:\/\/www.sigis.info\/en\/linee-guida\/#breadcrumb\",\"itemListElement\":[{\"@type\":\"ListItem\",\"position\":1,\"name\":\"Home\",\"item\":\"https:\/\/www.sigis.info\/\"},{\"@type\":\"ListItem\",\"position\":2,\"name\":\"Guidelines\"}]},{\"@type\":\"WebSite\",\"@id\":\"https:\/\/www.sigis.info\/#website\",\"url\":\"https:\/\/www.sigis.info\/\",\"name\":\"SIGIS\",\"description\":\"Societ&agrave; italiana Genere, Identit&agrave; e Salute\",\"publisher\":{\"@id\":\"https:\/\/www.sigis.info\/#organization\"},\"potentialAction\":[{\"@type\":\"SearchAction\",\"target\":{\"@type\":\"EntryPoint\",\"urlTemplate\":\"https:\/\/www.sigis.info\/?s={search_term_string}\"},\"query-input\":{\"@type\":\"PropertyValueSpecification\",\"valueRequired\":true,\"valueName\":\"search_term_string\"}}],\"inLanguage\":\"en-US\"},{\"@type\":\"Organization\",\"@id\":\"https:\/\/www.sigis.info\/#organization\",\"name\":\"Societ\u00e0 italiana Genere, Identit\u00e0 e Salute (SIGIS) ETS\",\"url\":\"https:\/\/www.sigis.info\/\",\"logo\":{\"@type\":\"ImageObject\",\"inLanguage\":\"en-US\",\"@id\":\"https:\/\/www.sigis.info\/#\/schema\/logo\/image\/\",\"url\":\"https:\/\/www.sigis.info\/wp-content\/uploads\/2022\/06\/sigis-logo.png\",\"contentUrl\":\"https:\/\/www.sigis.info\/wp-content\/uploads\/2022\/06\/sigis-logo.png\",\"width\":1011,\"height\":240,\"caption\":\"Societ\u00e0 italiana Genere, Identit\u00e0 e Salute (SIGIS) ETS\"},\"image\":{\"@id\":\"https:\/\/www.sigis.info\/#\/schema\/logo\/image\/\"},\"sameAs\":[\"https:\/\/www.facebook.com\/SIGISinfo\/\"]}]}<\/script>\n<!-- \/ Yoast SEO plugin. -->","yoast_head_json":{"title":"Guidelines - SIGIS","robots":{"index":"index","follow":"follow","max-snippet":"max-snippet:-1","max-image-preview":"max-image-preview:large","max-video-preview":"max-video-preview:-1"},"canonical":"https:\/\/www.sigis.info\/en\/linee-guida\/","og_locale":"en_US","og_type":"article","og_title":"Guidelines - SIGIS","og_description":"World Professional Association for Transgender Health (WPATH) Standards of Care (SOC) per la Salute di Persone Transessuali, Transgender e di genere Non-Conforme WPATH The standard of care 7TH version; 2011 Set 14 Clicca qui per scaricare il PDF Endocrine Treatment of Gender-Dysphoric\/Gender-Incongruent Persons: An Endocrine Society Clinical Practice Guideline. Hembree WC, Cohen-Kettenis PT, Gooren L,...","og_url":"https:\/\/www.sigis.info\/en\/linee-guida\/","og_site_name":"SIGIS","article_publisher":"https:\/\/www.facebook.com\/SIGISinfo\/","article_modified_time":"2022-07-21T14:44:03+00:00","og_image":[{"url":"https:\/\/www.sigis.info\/wp-content\/uploads\/2022\/07\/SOC-V7_Italian.png","type":"","width":"","height":""}],"twitter_card":"summary_large_image","schema":{"@context":"https:\/\/schema.org","@graph":[{"@type":"WebPage","@id":"https:\/\/www.sigis.info\/en\/linee-guida\/","url":"https:\/\/www.sigis.info\/en\/linee-guida\/","name":"Guidelines - SIGIS","isPartOf":{"@id":"https:\/\/www.sigis.info\/#website"},"primaryImageOfPage":{"@id":"https:\/\/www.sigis.info\/en\/linee-guida\/#primaryimage"},"image":{"@id":"https:\/\/www.sigis.info\/en\/linee-guida\/#primaryimage"},"thumbnailUrl":"https:\/\/www.sigis.info\/wp-content\/uploads\/2022\/07\/SOC-V7_Italian.png","datePublished":"2022-06-27T16:10:52+00:00","dateModified":"2022-07-21T14:44:03+00:00","breadcrumb":{"@id":"https:\/\/www.sigis.info\/en\/linee-guida\/#breadcrumb"},"inLanguage":"en-US","potentialAction":[{"@type":"ReadAction","target":["https:\/\/www.sigis.info\/en\/linee-guida\/"]}]},{"@type":"ImageObject","inLanguage":"en-US","@id":"https:\/\/www.sigis.info\/en\/linee-guida\/#primaryimage","url":"https:\/\/www.sigis.info\/wp-content\/uploads\/2022\/07\/SOC-V7_Italian.png","contentUrl":"https:\/\/www.sigis.info\/wp-content\/uploads\/2022\/07\/SOC-V7_Italian.png"},{"@type":"BreadcrumbList","@id":"https:\/\/www.sigis.info\/en\/linee-guida\/#breadcrumb","itemListElement":[{"@type":"ListItem","position":1,"name":"Home","item":"https:\/\/www.sigis.info\/"},{"@type":"ListItem","position":2,"name":"Guidelines"}]},{"@type":"WebSite","@id":"https:\/\/www.sigis.info\/#website","url":"https:\/\/www.sigis.info\/","name":"SIGIS","description":"Societ&agrave; italiana Genere, Identit&agrave; e Salute","publisher":{"@id":"https:\/\/www.sigis.info\/#organization"},"potentialAction":[{"@type":"SearchAction","target":{"@type":"EntryPoint","urlTemplate":"https:\/\/www.sigis.info\/?s={search_term_string}"},"query-input":{"@type":"PropertyValueSpecification","valueRequired":true,"valueName":"search_term_string"}}],"inLanguage":"en-US"},{"@type":"Organization","@id":"https:\/\/www.sigis.info\/#organization","name":"Societ\u00e0 italiana Genere, Identit\u00e0 e Salute (SIGIS) ETS","url":"https:\/\/www.sigis.info\/","logo":{"@type":"ImageObject","inLanguage":"en-US","@id":"https:\/\/www.sigis.info\/#\/schema\/logo\/image\/","url":"https:\/\/www.sigis.info\/wp-content\/uploads\/2022\/06\/sigis-logo.png","contentUrl":"https:\/\/www.sigis.info\/wp-content\/uploads\/2022\/06\/sigis-logo.png","width":1011,"height":240,"caption":"Societ\u00e0 italiana Genere, Identit\u00e0 e Salute (SIGIS) ETS"},"image":{"@id":"https:\/\/www.sigis.info\/#\/schema\/logo\/image\/"},"sameAs":["https:\/\/www.facebook.com\/SIGISinfo\/"]}]}},"_links":{"self":[{"href":"https:\/\/www.sigis.info\/en\/wp-json\/wp\/v2\/pages\/7192","targetHints":{"allow":["GET"]}}],"collection":[{"href":"https:\/\/www.sigis.info\/en\/wp-json\/wp\/v2\/pages"}],"about":[{"href":"https:\/\/www.sigis.info\/en\/wp-json\/wp\/v2\/types\/page"}],"author":[{"embeddable":true,"href":"https:\/\/www.sigis.info\/en\/wp-json\/wp\/v2\/users\/1"}],"replies":[{"embeddable":true,"href":"https:\/\/www.sigis.info\/en\/wp-json\/wp\/v2\/comments?post=7192"}],"version-history":[{"count":0,"href":"https:\/\/www.sigis.info\/en\/wp-json\/wp\/v2\/pages\/7192\/revisions"}],"wp:attachment":[{"href":"https:\/\/www.sigis.info\/en\/wp-json\/wp\/v2\/media?parent=7192"}],"curies":[{"name":"wp","href":"https:\/\/api.w.org\/{rel}","templated":true}]}}